{"id":696,"date":"2006-05-26T18:22:56","date_gmt":"2006-05-26T18:22:56","guid":{"rendered":"http:\/\/f1clubrheintal.ch\/wordpress\/?page_id=696"},"modified":"2025-06-17T21:38:47","modified_gmt":"2025-06-17T20:38:47","slug":"der-club-2","status":"publish","type":"page","link":"https:\/\/f1clubrheintal.ch\/wordpress\/?page_id=696","title":{"rendered":"Der Club"},"content":{"rendered":"\n<p>Ob Fans von Ferrari oder Mercedes, Sauber oder RedBull Racing, Anh\u00e4nger von Lando, Nick oder Max; wir treffen uns regelm\u00e4ssig um in gem\u00fctlicher und spezieller Atmosph\u00e4re die Rennen gemeinsam mitzuverfolgen.<\/p>\n\n\n\n<p>Wir f\u00fchren jedes Jahr eine vereinsinterne Go-Kart-Meisterschaft durch, um auch unter unseren Mitgliedern den K\u00f6nig zu k\u00fchren. An Langstrecken-Kart-Rennen stellen wir regelm\u00e4ssig Teams und durften schon einige Erfolge feiern. Zudem besuchen wir jedes Jahr Motorsport-Events!<\/p>\n\n\n\n<p>Geh\u00f6rst auch Du zum Kreis von Formel 1- und Motorsportbegeisterten Frauen und M\u00e4nnern denen das gesellschaftliche Beisammensein an vorderster Stelle steht? Dann melde Dich bei uns, wir freuen uns auf dich&#8230;<\/p>\n\n\n\n<p>&nbsp;<\/p>\n\n\n\n<figure class=\"wp-block-image\"><img decoding=\"async\" src=\"http:\/\/f1clubrheintal.ch\/mambo\/images\/stories\/logoneu.jpg\" alt=\"\"\/><\/figure>\n\n\n\n<p>&nbsp;<\/p>\n\n\n\n<p class=\"inputbox newspane articlehead componentHeading sectiontableheader\"><strong>Der Clubvorstand<\/strong><\/p>\n\n\n\n<blockquote class=\"wp-block-quote is-layout-flow wp-block-quote-is-layout-flow\">\n<p>Der Pr\u00e4sident: Roger Breu,&nbsp;Berneck<\/p>\n\n\n\n<p>Der Vize-Pr\u00e4sident: Stephan Oehry, St. Margrethen<\/p>\n\n\n\n<p>Der Aktuar: Mathias Weder, Diepoldsau<\/p>\n\n\n\n<p>Der Kassier: Rino Haas, St. Gallen<\/p>\n\n\n\n<p>Der Beisitzer (Organisator Kart GP): Angelo Eigenmann, Kriessern<\/p>\n\n\n\n<p>Der Revisor: Christoph Weder, Diepoldsau<\/p>\n<\/blockquote>\n\n\n\n<figure class=\"wp-block-image is-style-rounded\"><img loading=\"lazy\" decoding=\"async\" width=\"1024\" height=\"331\" src=\"https:\/\/f1clubrheintal.ch\/wordpress\/wp-content\/uploads\/2025\/06\/F1-Club-Rheintal-Vorstand-2025-zugeschnitten-1024x331.jpg\" alt=\"\" class=\"wp-image-8309\" srcset=\"https:\/\/f1clubrheintal.ch\/wordpress\/wp-content\/uploads\/2025\/06\/F1-Club-Rheintal-Vorstand-2025-zugeschnitten-1024x331.jpg 1024w, https:\/\/f1clubrheintal.ch\/wordpress\/wp-content\/uploads\/2025\/06\/F1-Club-Rheintal-Vorstand-2025-zugeschnitten-300x97.jpg 300w, https:\/\/f1clubrheintal.ch\/wordpress\/wp-content\/uploads\/2025\/06\/F1-Club-Rheintal-Vorstand-2025-zugeschnitten-768x248.jpg 768w, https:\/\/f1clubrheintal.ch\/wordpress\/wp-content\/uploads\/2025\/06\/F1-Club-Rheintal-Vorstand-2025-zugeschnitten-1536x497.jpg 1536w, https:\/\/f1clubrheintal.ch\/wordpress\/wp-content\/uploads\/2025\/06\/F1-Club-Rheintal-Vorstand-2025-zugeschnitten-500x162.jpg 500w, https:\/\/f1clubrheintal.ch\/wordpress\/wp-content\/uploads\/2025\/06\/F1-Club-Rheintal-Vorstand-2025-zugeschnitten.jpg 1556w\" sizes=\"auto, (max-width: 1024px) 100vw, 1024px\" \/><figcaption class=\"wp-element-caption\">v.l.n.r: Angelo Eigenmann, Stephan Oehry, Roger Breu, Rino Haas, Mathias Weder<\/figcaption><\/figure>\n\n\n\n<p>&nbsp;<\/p>\n\n\n\n<p><strong>Ab der Saison 2021 hat der F1-Club Rheintal kein fixes Clublokal mehr. Der Vorstand organisiert jeweils Spezial-Live-Viewing Events f\u00fcr Clubmitglieder und Familienangeh\u00f6rige.<\/strong><\/p>\n\n\n\n<p><strong>Unsere Pokalsammlung &#8211; Langstreckentroph\u00e4en und Podestpl\u00e4tze:<\/strong><\/p>\n\n\n<div class=\"wp-block-image\">\n<figure class=\"aligncenter\"><a href=\"https:\/\/f1clubrheintal.ch\/wordpress\/wp-content\/uploads\/2020\/12\/Pokale-umgeraeumt.jpg\" target=\"_blank\" rel=\"https:\/\/f1clubrheintal.ch\/wordpress\/wp-content\/uploads\/2020\/12\/Pokale-umgeraeumt.jpg noopener noreferrer\"><img loading=\"lazy\" decoding=\"async\" width=\"225\" height=\"300\" src=\"https:\/\/f1clubrheintal.ch\/wordpress\/wp-content\/uploads\/2020\/12\/Pokale-umgeraeumt-225x300.jpg\" alt=\"\" class=\"wp-image-7315\" srcset=\"https:\/\/f1clubrheintal.ch\/wordpress\/wp-content\/uploads\/2020\/12\/Pokale-umgeraeumt-225x300.jpg 225w, https:\/\/f1clubrheintal.ch\/wordpress\/wp-content\/uploads\/2020\/12\/Pokale-umgeraeumt-768x1024.jpg 768w, https:\/\/f1clubrheintal.ch\/wordpress\/wp-content\/uploads\/2020\/12\/Pokale-umgeraeumt-1152x1536.jpg 1152w, https:\/\/f1clubrheintal.ch\/wordpress\/wp-content\/uploads\/2020\/12\/Pokale-umgeraeumt.jpg 1536w\" sizes=\"auto, (max-width: 225px) 100vw, 225px\" \/><\/a><\/figure>\n<\/div>\n\n\n<p><\/p>\n\n\n\n<p><strong>Unser altes Clublokal bei Mulisha-Racing in Oberriet<\/strong>&#8230; war ab der Saison 2010 unser Treffpunkt f\u00fcr F1-Liveviewing und andere Events.<\/p>\n\n\n\n<figure class=\"wp-block-image\"><a href=\"http:\/\/f1clubrheintal.ch\/mambo\/images\/stories\/Huettli\/img_2334.jpg\" target=\"_blank\" rel=\"noopener noreferrer\"><img decoding=\"async\" src=\"http:\/\/f1clubrheintal.ch\/mambo\/images\/stories\/Huettli\/img_2334.jpg\" alt=\"\"\/><\/a><\/figure>\n\n\n\n<figure class=\"wp-block-image\"><a href=\"http:\/\/f1clubrheintal.ch\/mambo\/images\/stories\/Huettli\/img_2335.jpg\" target=\"_blank\" rel=\"noopener noreferrer\"><img decoding=\"async\" src=\"http:\/\/f1clubrheintal.ch\/mambo\/images\/stories\/Huettli\/img_2335.jpg\" alt=\"\"\/><\/a><\/figure>\n\n\n\n<figure class=\"wp-block-image\"><a href=\"http:\/\/f1clubrheintal.ch\/mambo\/images\/stories\/Huettli\/img_2579.jpg\" target=\"_blank\" rel=\"noopener noreferrer\"><img decoding=\"async\" src=\"http:\/\/f1clubrheintal.ch\/mambo\/images\/stories\/Huettli\/img_2579.jpg\" alt=\"\"\/><\/a><\/figure>\n\n\n\n<figure class=\"wp-block-image\"><a href=\"http:\/\/f1clubrheintal.ch\/mambo\/images\/stories\/Huettli\/img_2583.jpg\" target=\"_blank\" rel=\"noopener noreferrer\"><img decoding=\"async\" src=\"http:\/\/f1clubrheintal.ch\/mambo\/images\/stories\/Huettli\/img_2583.jpg\" alt=\"\"\/><\/a><\/figure>\n\n\n\n<figure class=\"wp-block-image\"><a href=\"http:\/\/f1clubrheintal.ch\/mambo\/images\/stories\/Huettli\/img_2590.jpg\" target=\"_blank\" rel=\"noopener noreferrer\"><img decoding=\"async\" src=\"http:\/\/f1clubrheintal.ch\/mambo\/images\/stories\/Huettli\/img_2590.jpg\" alt=\"\"\/><\/a><\/figure>\n\n\n\n<figure class=\"wp-block-image\"><a href=\"http:\/\/f1clubrheintal.ch\/mambo\/images\/stories\/Huettli\/img_2593.jpg\" target=\"_blank\" rel=\"noopener noreferrer\"><img decoding=\"async\" src=\"http:\/\/f1clubrheintal.ch\/mambo\/images\/stories\/Huettli\/img_2593.jpg\" alt=\"\"\/><\/a><\/figure>\n\n\n\n<p>&nbsp;&nbsp;&nbsp;&nbsp;&nbsp;<\/p>\n\n\n\n<p class=\"inputbox sectiontableheader\"><strong>Unser altes Clublokal &#8222;POLEPOSITION&#8220; in Widnau<\/strong>&#8230; es wurde auch liebevoll &#8222;F1-H\u00fcttli&#8220; genannt \ud83d\ude09<\/p>\n\n\n\n<figure class=\"wp-block-image\"><a href=\"http:\/\/f1clubrheintal.ch\/mambo\/images\/stories\/pole01.jpg\" target=\"_blank\" rel=\"noopener noreferrer\"><img decoding=\"async\" src=\"http:\/\/f1clubrheintal.ch\/mambo\/images\/stories\/pole01.jpg\" alt=\"\"\/><\/a><\/figure>\n\n\n\n<figure class=\"wp-block-image\"><a href=\"http:\/\/f1clubrheintal.ch\/mambo\/images\/stories\/pole02.jpg\" target=\"_blank\" rel=\"noopener noreferrer\"><img decoding=\"async\" src=\"http:\/\/f1clubrheintal.ch\/mambo\/images\/stories\/pole02.jpg\" alt=\"\"\/><\/a><\/figure>\n\n\n\n<figure class=\"wp-block-image\"><a href=\"http:\/\/f1clubrheintal.ch\/mambo\/images\/stories\/f1huettliclubm.jpg\" target=\"_blank\" rel=\"noopener noreferrer\"><img decoding=\"async\" src=\"http:\/\/f1clubrheintal.ch\/mambo\/images\/stories\/f1huettliclubm.jpg\" alt=\"\"\/><\/a><\/figure>\n\n\n\n<figure class=\"wp-block-image\"><a href=\"http:\/\/f1clubrheintal.ch\/mambo\/images\/stories\/f1huettliclubm2.jpg\" target=\"_blank\" rel=\"noopener noreferrer\"><img decoding=\"async\" src=\"http:\/\/f1clubrheintal.ch\/mambo\/images\/stories\/f1huettliclubm2.jpg\" alt=\"\"\/><\/a><\/figure>\n\n\n\n<figure class=\"wp-block-image\"><a href=\"http:\/\/f1clubrheintal.ch\/mambo\/images\/stories\/f1huettliclubm3.jpg\" target=\"_blank\" rel=\"noopener noreferrer\"><img decoding=\"async\" src=\"http:\/\/f1clubrheintal.ch\/mambo\/images\/stories\/f1huettliclubm3.jpg\" alt=\"\"\/><\/a><\/figure>\n\n\n\n<p>&nbsp; &nbsp;&nbsp;&nbsp;&nbsp;<\/p>\n\n\n\n<p>Anschrift:<br>F1-Club Rheintal<br>c\/o Roger Breu<br>Sch\u00fctzenhausstrasse 3<br>9442 Berneck<br>oder per Mail: vollgas@f1clubrheintal.ch<\/p>\n\n\n\n<p><\/p>\n\n\n\n<p><\/p>\n\n\n\n<p><\/p>\n","protected":false},"excerpt":{"rendered":"<p>Ob Fans von Ferrari oder Mercedes, Sauber oder RedBull Racing, Anh\u00e4nger von Lando, Nick oder Max; wir treffen uns regelm\u00e4ssig um in gem\u00fctlicher und spezieller Atmosph\u00e4re die Rennen gemeinsam mitzuverfolgen. Wir f\u00fchren jedes Jahr eine vereinsinterne Go-Kart-Meisterschaft durch, um auch &hellip; <a href=\"https:\/\/f1clubrheintal.ch\/wordpress\/?page_id=696\">Weiterlesen <span class=\"meta-nav\">&rarr;<\/span><\/a><\/p>\n","protected":false},"author":1,"featured_media":0,"parent":0,"menu_order":0,"comment_status":"closed","ping_status":"closed","template":"","meta":{"footnotes":""},"class_list":["post-696","page","type-page","status-publish","hentry"],"_links":{"self":[{"href":"https:\/\/f1clubrheintal.ch\/wordpress\/index.php?rest_route=\/wp\/v2\/pages\/696","targetHints":{"allow":["GET"]}}],"collection":[{"href":"https:\/\/f1clubrheintal.ch\/wordpress\/index.php?rest_route=\/wp\/v2\/pages"}],"about":[{"href":"https:\/\/f1clubrheintal.ch\/wordpress\/index.php?rest_route=\/wp\/v2\/types\/page"}],"author":[{"embeddable":true,"href":"https:\/\/f1clubrheintal.ch\/wordpress\/index.php?rest_route=\/wp\/v2\/users\/1"}],"replies":[{"embeddable":true,"href":"https:\/\/f1clubrheintal.ch\/wordpress\/index.php?rest_route=%2Fwp%2Fv2%2Fcomments&post=696"}],"version-history":[{"count":16,"href":"https:\/\/f1clubrheintal.ch\/wordpress\/index.php?rest_route=\/wp\/v2\/pages\/696\/revisions"}],"predecessor-version":[{"id":8311,"href":"https:\/\/f1clubrheintal.ch\/wordpress\/index.php?rest_route=\/wp\/v2\/pages\/696\/revisions\/8311"}],"wp:attachment":[{"href":"https:\/\/f1clubrheintal.ch\/wordpress\/index.php?rest_route=%2Fwp%2Fv2%2Fmedia&parent=696"}],"curies":[{"name":"wp","href":"https:\/\/api.w.org\/{rel}","templated":true}]}}