{"id":1778,"date":"2022-03-26T17:00:00","date_gmt":"2022-03-26T16:00:00","guid":{"rendered":"http:\/\/f1clubrheintal.ch\/wordpress\/?page_id=1778"},"modified":"2026-03-14T21:00:42","modified_gmt":"2026-03-14T20:00:42","slug":"jahresprogramm-2014","status":"publish","type":"page","link":"https:\/\/f1clubrheintal.ch\/wordpress\/?page_id=1778","title":{"rendered":"Jahresprogramm 2026"},"content":{"rendered":"\n<p>Wir haben wieder ein spannendes Jahresprogramm f\u00fcr euch vorbereitet: Kart GP Meisterschaft, F1 Liveviewing, Familienanlass und dann nat\u00fcrlich unser Finalrennen. Wenn es die Situation zul\u00e4sst, versuchen wir auch zwischendurch kurzfristig mal was zu organisieren. Wir bitten Euch aber um Flexibilit\u00e4t und Verst\u00e4ndnis, wenn wir je nach Situation, Vorgaben, Wetter oder Gesundheit auch mal kurzfristig absagen oder umstellen m\u00fcssen. Details zu unseren Spezialanl\u00e4ssen (Treffpunkt und Uhrzeit) erhaltet Ihr jeweils kurz vor dem Anlass via E-Mail oder Whatsapp. Haltet euch also die Daten im Kalender frei. Die Anl\u00e4sse k\u00f6nnen auch direkt in eure Kalender abonniert werden, einfach <a href=\"webcal:\/\/calendar.clubdesk.com\/clubdesk\/ical\/47684\/1000119\/djEtCUfwo29gmRH9bMTH5plU-k_RdXmxYXk2WRP7rnrepHg=\/basic.ics\" data-type=\"link\" data-id=\"webcal:\/\/calendar.clubdesk.com\/clubdesk\/ical\/47684\/1000119\/TUN3Q0ZIMURvNGZ2M0h5L1J3MVlOVEdoL3Y3L0EydGNBaFErZkhOT2REd1pLNmdkSmhDNThpRlJ4UGpZdkE9PQ\/basic.ics\">hier <\/a>klicken.<\/p>\n\n\n\n<figure class=\"wp-block-table\"><table class=\"has-fixed-layout\"><tbody><tr><td><strong>Anlass<\/strong><\/td><td><strong>Wann<\/strong><\/td><td><strong>Betreff<\/strong><\/td><td><strong>Ort<\/strong><\/td><\/tr><tr><td>Sitzung<\/td><td>So 15.03.2026, 11:00 &#8211; 12:00<\/td><td>28. Hauptversammlung F1-Club Rheintal<\/td><td>Lounge Raiffeisenbank Mittelrheintal<\/td><\/tr><tr><td>Kart GP<\/td><td>So 15.03.2026, 13:00 &#8211; 14:00<\/td><td>1 Kart GP in Feldkirch\u00a0<\/td><td>KartbahnFeldkirch\u00a0<\/td><\/tr><tr><td>Ausflug<\/td><td>Sa 21.03.2026, 09:30 &#8211; 11:00<\/td><td>Simracing<\/td><td>Hybracing, Au<\/td><\/tr><tr><td>Kart GP<\/td><td>So 19.04.2026, 16:00 &#8211; 17:00<\/td><td>2 Kart GP in Sulgen<\/td><td>Kartbahn Sulgen<\/td><\/tr><tr><td>Ausflug<\/td><td>Sa 06.06.2026, 10:00 &#8211; 18:00<\/td><td>Dorfrenne Berneck (Bobbycar und Seifenkisten)<\/td><td>Berneck<\/td><\/tr><tr><td>Kart GP<\/td><td>So 07.06.2026, 14:30 &#8211; 15:00<\/td><td>3 Kart GP in Fimmelsberg<\/td><td>Kartbahn Fimmelsberg<\/td><\/tr><tr><td>Ausflug<\/td><td>So 16.08.2026, 10:00 &#8211; 18:00<\/td><td>Familyday<\/td><td>Flugplatz Sitterdorf<\/td><\/tr><tr><td>Ausflug<\/td><td>So 23.08.2026, 10:00 &#8211; 18:00<\/td><td>Familyday (Ausweichtermin)<\/td><td>Flugplatz Sitterdorf<\/td><\/tr><tr><td>Ausflug<\/td><td>Fr 11.09.2026, 19:00 &#8211; 23:00<\/td><td>Widnauer Vereinsabend<\/td><td>Metropolsaal Widnau<\/td><\/tr><tr><td>Kart GP<\/td><td>So 13.09.2026, 13:30 &#8211; 14:30<\/td><td>4 Kart GP in Sulgen<\/td><td>Kartbahn Sulgen<\/td><\/tr><tr><td>Kart GP<\/td><td>Sa 07.11.2026, 20:00 &#8211; 21:00<\/td><td>5 Kart GP in Fimmelsberg<\/td><td>Kartbahn Fimmelsberg<\/td><\/tr><tr><td>Kart GP<\/td><td>Sa 12.12.2026, 14:00 &#8211; 18:30<\/td><td>Kart GP Finale<\/td><td>Kartbahn Feldkirch<\/td><\/tr><\/tbody><\/table><\/figure>\n\n\n\n<p><\/p>\n","protected":false},"excerpt":{"rendered":"<p>Wir haben wieder ein spannendes Jahresprogramm f\u00fcr euch vorbereitet: Kart GP Meisterschaft, F1 Liveviewing, Familienanlass und dann nat\u00fcrlich unser Finalrennen. Wenn es die Situation zul\u00e4sst, versuchen wir auch zwischendurch kurzfristig mal was zu organisieren. Wir bitten Euch aber um Flexibilit\u00e4t &hellip; <a href=\"https:\/\/f1clubrheintal.ch\/wordpress\/?page_id=1778\">Weiterlesen <span class=\"meta-nav\">&rarr;<\/span><\/a><\/p>\n","protected":false},"author":1,"featured_media":0,"parent":0,"menu_order":0,"comment_status":"closed","ping_status":"closed","template":"","meta":{"footnotes":""},"class_list":["post-1778","page","type-page","status-publish","hentry"],"_links":{"self":[{"href":"https:\/\/f1clubrheintal.ch\/wordpress\/index.php?rest_route=\/wp\/v2\/pages\/1778","targetHints":{"allow":["GET"]}}],"collection":[{"href":"https:\/\/f1clubrheintal.ch\/wordpress\/index.php?rest_route=\/wp\/v2\/pages"}],"about":[{"href":"https:\/\/f1clubrheintal.ch\/wordpress\/index.php?rest_route=\/wp\/v2\/types\/page"}],"author":[{"embeddable":true,"href":"https:\/\/f1clubrheintal.ch\/wordpress\/index.php?rest_route=\/wp\/v2\/users\/1"}],"replies":[{"embeddable":true,"href":"https:\/\/f1clubrheintal.ch\/wordpress\/index.php?rest_route=%2Fwp%2Fv2%2Fcomments&post=1778"}],"version-history":[{"count":31,"href":"https:\/\/f1clubrheintal.ch\/wordpress\/index.php?rest_route=\/wp\/v2\/pages\/1778\/revisions"}],"predecessor-version":[{"id":13093,"href":"https:\/\/f1clubrheintal.ch\/wordpress\/index.php?rest_route=\/wp\/v2\/pages\/1778\/revisions\/13093"}],"wp:attachment":[{"href":"https:\/\/f1clubrheintal.ch\/wordpress\/index.php?rest_route=%2Fwp%2Fv2%2Fmedia&parent=1778"}],"curies":[{"name":"wp","href":"https:\/\/api.w.org\/{rel}","templated":true}]}}